{"id":2,"date":"2026-03-03T18:11:03","date_gmt":"2026-03-03T17:11:03","guid":{"rendered":"https:\/\/omikronitgroup.com\/?page_id=2"},"modified":"2026-03-12T10:44:38","modified_gmt":"2026-03-12T09:44:38","slug":"ez-egy-minta-oldal","status":"publish","type":"page","link":"https:\/\/omikronitgroup.com\/","title":{"rendered":"Comin soon"},"content":{"rendered":"<p>[et_pb_section fb_built=&#8221;1&#8243; _builder_version=&#8221;4.16&#8243; _module_preset=&#8221;default&#8221; global_colors_info=&#8221;{}&#8221; theme_builder_area=&#8221;post_content&#8221;][et_pb_row _builder_version=&#8221;4.27.3&#8243; _module_preset=&#8221;default&#8221; global_colors_info=&#8221;{}&#8221; theme_builder_area=&#8221;post_content&#8221;][et_pb_column type=&#8221;4_4&#8243; _builder_version=&#8221;4.16&#8243; _module_preset=&#8221;default&#8221; custom_padding=&#8221;||||false|false&#8221; custom_padding_tablet=&#8221;0px||||false|false&#8221; custom_padding_phone=&#8221;0px||||false|false&#8221; custom_padding_last_edited=&#8221;off|desktop&#8221; global_colors_info=&#8221;{}&#8221; theme_builder_area=&#8221;post_content&#8221;][et_pb_text _builder_version=&#8221;4.27.6&#8243; _module_preset=&#8221;default&#8221; text_font=&#8221;Exo||||||||&#8221; text_text_color=&#8221;#2c3038&#8243; text_font_size=&#8221;18px&#8221; text_line_height=&#8221;1.8em&#8221; header_font=&#8221;Exo|800||on|||||&#8221; header_text_color=&#8221;#2c3038&#8243; header_font_size=&#8221;36px&#8221; header_2_font=&#8221;Exo|800||on|||||&#8221; header_2_text_color=&#8221;#2c3038&#8243; module_alignment=&#8221;left&#8221; custom_margin=&#8221;12px||||false|false&#8221; global_colors_info=&#8221;{}&#8221; theme_builder_area=&#8221;post_content&#8221;]<\/p>\n<h2 style=\"text-align: center;\">Coming Soon<\/h2>\n<p style=\"text-align: center;\"><a href=\"https:\/\/www.omikron.hu\/en\/home\/\">https:\/\/www.omikron.hu\/en\/home\/<\/a><\/p>\n<p>[\/et_pb_text][\/et_pb_column][\/et_pb_row][\/et_pb_section]<\/p>\n","protected":false},"excerpt":{"rendered":"<p>Coming Soon https:\/\/www.omikron.hu\/en\/home\/<\/p>\n","protected":false},"author":1,"featured_media":0,"parent":0,"menu_order":0,"comment_status":"closed","ping_status":"open","template":"","meta":{"_et_pb_use_builder":"on","_et_pb_old_content":"<!-- wp:paragraph -->\n<p>Ez egy mintaoldal. Az oldal k\u00fcl\u00f6nb\u00f6zik a bejegyz\u00e9st\u0151l annyiban, hogy az oldal egy \u00e1lland\u00f3 tartalm\u00fa bejegyz\u00e9s, ami - a legt\u00f6bb sablonn\u00e1l - a weboldal navig\u00e1ci\u00f3s r\u00e9sz\u00e9ben \u00e1lland\u00f3 helyen van.\nA legt\u00f6bb ember olyan Bemutatkoz\u00f3 oldallal kezd, amelyik bemutatja \u0151t, vagy a tev\u00e9kenys\u00e9g\u00e9t a weboldal l\u00e1togat\u00f3inak. A Bemutatkoz\u00e1s oldal valami ilyesmi lehet:<\/p>\n<!-- \/wp:paragraph -->\n\n<!-- wp:quote -->\n<blockquote class=\"wp-block-quote\">\n<!-- wp:paragraph -->\n<p>\u00dcdv\u00f6zlet az Olvas\u00f3knak! Nappal biciklis pizzafut\u00e1r vagyok, \u00e9jszaka pedig egy t\u00f6rekv\u0151 sz\u00edn\u00e9sz-tanonc, ez pedig az \u00e9n weboldalam.<br>Budapesten \u00e9lek \u00e9s van egy csod\u00e1latos n\u00e9met juh\u00e1sz kuty\u00e1m, aki Velorex n\u00e9vre hallgat. Kedvenc kokt\u00e9lom a Pi\u00f1a Colada, de a Mojitot is nagyon kedvelem. (De, az\u00e9rt az igazi ned\u0171: egy b\u00e1rsonyos v\u00f6r\u00f6sbor.)<\/p>\n<!-- \/wp:paragraph -->\n<\/blockquote>\n<!-- \/wp:quote -->\n\n<!-- wp:paragraph -->\n<p>\u2026vagy valami eg\u00e9szen m\u00e1s:<\/p>\n<!-- \/wp:paragraph -->\n\n<!-- wp:quote -->\n<blockquote class=\"wp-block-quote\">\n<!-- wp:paragraph -->\n<p>Az XYZ Bigy\u00f3 V\u00e1llalatot 1971-ben alap\u00edtott\u00e1k, az\u00f3ta gy\u00e1rtja a legjobb min\u0151s\u00e9g\u0171 bigy\u00f3kat. A c\u00e9g k\u00f6zpontja Budapesten tal\u00e1lhat\u00f3, ahol t\u00f6bb mint 2000 embert foglalkoztatnak, valamint sz\u00e1mos k\u00f6z\u00f6ss\u00e9gi \u00e9s j\u00f3t\u00e9konys\u00e1gi programban is akt\u00edvan r\u00e9sztvesznek.<\/p>\n<!-- \/wp:paragraph -->\n<\/blockquote>\n<!-- \/wp:quote -->\n\n<!-- wp:paragraph -->\n<p>\u00daj WordPress felhaszn\u00e1l\u00f3k\u00e9nt a <a href=\"https:\/\/omikronitgroup.com\/wp-admin\/\">Vez\u00e9rl\u0151pult<\/a> r\u00e9szre ugorva lehet t\u00f6r\u00f6lni ezt az oldalt, \u00e9s l\u00e9trehozni egy \u00faja oldalt a saj\u00e1t tartalmunk r\u00e9sz\u00e9re. J\u00f3 sz\u00f3rakoz\u00e1st!<\/p>\n<!-- \/wp:paragraph -->","_et_gb_content_width":"","footnotes":""},"class_list":["post-2","page","type-page","status-publish","hentry"],"_links":{"self":[{"href":"https:\/\/omikronitgroup.com\/index.php?rest_route=\/wp\/v2\/pages\/2","targetHints":{"allow":["GET"]}}],"collection":[{"href":"https:\/\/omikronitgroup.com\/index.php?rest_route=\/wp\/v2\/pages"}],"about":[{"href":"https:\/\/omikronitgroup.com\/index.php?rest_route=\/wp\/v2\/types\/page"}],"author":[{"embeddable":true,"href":"https:\/\/omikronitgroup.com\/index.php?rest_route=\/wp\/v2\/users\/1"}],"replies":[{"embeddable":true,"href":"https:\/\/omikronitgroup.com\/index.php?rest_route=%2Fwp%2Fv2%2Fcomments&post=2"}],"version-history":[{"count":8,"href":"https:\/\/omikronitgroup.com\/index.php?rest_route=\/wp\/v2\/pages\/2\/revisions"}],"predecessor-version":[{"id":19,"href":"https:\/\/omikronitgroup.com\/index.php?rest_route=\/wp\/v2\/pages\/2\/revisions\/19"}],"wp:attachment":[{"href":"https:\/\/omikronitgroup.com\/index.php?rest_route=%2Fwp%2Fv2%2Fmedia&parent=2"}],"curies":[{"name":"wp","href":"https:\/\/api.w.org\/{rel}","templated":true}]}}